{"id":79,"date":"2024-05-17T14:22:12","date_gmt":"2024-05-17T12:22:12","guid":{"rendered":"https:\/\/clinicestetica.com.tn\/?page_id=79"},"modified":"2024-05-21T16:30:12","modified_gmt":"2024-05-21T14:30:12","slug":"79-2","status":"publish","type":"page","link":"https:\/\/clinicestetica.com.tn\/","title":{"rendered":""},"content":{"rendered":"\t\t<div data-elementor-type=\"wp-page\" data-elementor-id=\"79\" class=\"elementor elementor-79\">\n\t\t\t\t<div class=\"elementor-element elementor-element-924ca10 e-flex e-con-boxed e-con e-parent\" data-id=\"924ca10\" data-element_type=\"container\">\n\t\t\t\t\t<div class=\"e-con-inner\">\n\t\t<div class=\"elementor-element elementor-element-3dcd80c e-con-full e-flex e-con e-child\" data-id=\"3dcd80c\" data-element_type=\"container\">\n\t\t\t\t<div class=\"elementor-element elementor-element-cf26053 elementor-widget elementor-widget-image\" data-id=\"cf26053\" data-element_type=\"widget\" data-widget_type=\"image.default\">\n\t\t\t\t<div class=\"elementor-widget-container\">\n\t\t\t<style>\/*! elementor - v3.21.0 - 08-05-2024 *\/\n.elementor-widget-image{text-align:center}.elementor-widget-image a{display:inline-block}.elementor-widget-image a img[src$=\".svg\"]{width:48px}.elementor-widget-image img{vertical-align:middle;display:inline-block}<\/style>\t\t\t\t\t\t\t\t\t\t<img fetchpriority=\"high\" decoding=\"async\" width=\"1024\" height=\"683\" src=\"https:\/\/clinicestetica.com.tn\/wp-content\/uploads\/2024\/05\/28968804-2-1024x683.webp\" class=\"attachment-large size-large wp-image-131\" alt=\"\" srcset=\"https:\/\/clinicestetica.com.tn\/wp-content\/uploads\/2024\/05\/28968804-2-1024x683.webp 1024w, https:\/\/clinicestetica.com.tn\/wp-content\/uploads\/2024\/05\/28968804-2-300x200.webp 300w, https:\/\/clinicestetica.com.tn\/wp-content\/uploads\/2024\/05\/28968804-2-768x512.webp 768w, https:\/\/clinicestetica.com.tn\/wp-content\/uploads\/2024\/05\/28968804-2.webp 1500w\" sizes=\"(max-width: 1024px) 100vw, 1024px\" \/>\t\t\t\t\t\t\t\t\t\t\t\t\t<\/div>\n\t\t\t\t<\/div>\n\t\t\t\t<\/div>\n\t\t<div class=\"elementor-element elementor-element-da70bae e-con-full e-flex e-con e-child\" data-id=\"da70bae\" data-element_type=\"container\">\n\t\t\t\t<div class=\"elementor-element elementor-element-1abea88 elementor-widget elementor-widget-image\" data-id=\"1abea88\" data-element_type=\"widget\" data-widget_type=\"image.default\">\n\t\t\t\t<div class=\"elementor-widget-container\">\n\t\t\t\t\t\t\t\t\t\t\t\t\t<img decoding=\"async\" width=\"1024\" height=\"683\" src=\"https:\/\/clinicestetica.com.tn\/wp-content\/uploads\/2024\/05\/Soon-1500-x-1000-px-1024x683.png\" class=\"attachment-large size-large wp-image-136\" alt=\"\" srcset=\"https:\/\/clinicestetica.com.tn\/wp-content\/uploads\/2024\/05\/Soon-1500-x-1000-px-1024x683.png 1024w, https:\/\/clinicestetica.com.tn\/wp-content\/uploads\/2024\/05\/Soon-1500-x-1000-px-300x200.png 300w, https:\/\/clinicestetica.com.tn\/wp-content\/uploads\/2024\/05\/Soon-1500-x-1000-px-768x512.png 768w, https:\/\/clinicestetica.com.tn\/wp-content\/uploads\/2024\/05\/Soon-1500-x-1000-px.png 1500w\" sizes=\"(max-width: 1024px) 100vw, 1024px\" \/>\t\t\t\t\t\t\t\t\t\t\t\t\t<\/div>\n\t\t\t\t<\/div>\n\t\t\t\t<\/div>\n\t\t\t\t\t<\/div>\n\t\t\t\t<\/div>\n\t\t<div class=\"elementor-element elementor-element-e615d42 e-flex e-con-boxed e-con e-parent\" data-id=\"e615d42\" data-element_type=\"container\">\n\t\t\t\t\t<div class=\"e-con-inner\">\n\t\t<div class=\"elementor-element elementor-element-e430b90 e-con-full e-flex e-con e-child\" data-id=\"e430b90\" data-element_type=\"container\">\n\t\t\t\t<div class=\"elementor-element elementor-element-25ca8c5 elementor-widget elementor-widget-text-editor\" data-id=\"25ca8c5\" data-element_type=\"widget\" data-widget_type=\"text-editor.default\">\n\t\t\t\t<div class=\"elementor-widget-container\">\n\t\t\t<style>\/*! elementor - v3.21.0 - 08-05-2024 *\/\n.elementor-widget-text-editor.elementor-drop-cap-view-stacked .elementor-drop-cap{background-color:#69727d;color:#fff}.elementor-widget-text-editor.elementor-drop-cap-view-framed .elementor-drop-cap{color:#69727d;border:3px solid;background-color:transparent}.elementor-widget-text-editor:not(.elementor-drop-cap-view-default) .elementor-drop-cap{margin-top:8px}.elementor-widget-text-editor:not(.elementor-drop-cap-view-default) .elementor-drop-cap-letter{width:1em;height:1em}.elementor-widget-text-editor .elementor-drop-cap{float:left;text-align:center;line-height:1;font-size:50px}.elementor-widget-text-editor .elementor-drop-cap-letter{display:inline-block}<\/style>\t\t\t\t<p class=\"MsoNormal\"><span lang=\"FR\">Laissez-vous surprendre par notre nouveau VIP concept unique en Tunisie , Bient\u00f4t notre clinique de chirurgie esth\u00e9tique ouvrira ses portes pour vous accueillir et vous offrir les meilleures prestations dans le domaine de l\u2019esth\u00e9tique dans un cadre d\u2019h\u00e9bergement Top VIP <\/span><\/p><p class=\"MsoNormal\"><span lang=\"FR\">Notre priorit\u00e9 est de vous satisfaire et vous apporter le bien \u00eatre ainsi que le look dont vous avez r\u00eav\u00e9 <\/span><\/p><p class=\"MsoNormal\"><span lang=\"FR\">Notre r\u00f4le est de prendre soin de vous et veiller \u00e0 votre bien \u00eatre, votre satisfaction est notre priorit\u00e9 .<\/span><\/p><p class=\"MsoNormal\"><span lang=\"FR\">Notre \u00e9quipe compos\u00e9e des meilleurs chirurgiens vous donnera la certitude d\u2019\u00eatre entre les mains hautement comp\u00e9tente et qualifi\u00e9es . <\/span><\/p><p class=\"MsoNormal\"><span lang=\"FR\">Estetica offre les meilleures et les plus s\u00e9rieuses r\u00e9ponses \u00e0 vos demandes dans toutes les sp\u00e9cialit\u00e9s du domaine de la chirurgie esth\u00e9tique\u00a0: <\/span><\/p><ul><li class=\"MsoListParagraphCxSpFirst\" style=\"text-indent: -18.0pt; mso-list: l0 level1 lfo1;\"><span lang=\"FR\"><span style=\"font-variant-numeric: normal; font-variant-east-asian: normal; font-variant-alternates: normal; font-kerning: auto; font-optical-sizing: auto; font-feature-settings: normal; font-variation-settings: normal; font-variant-position: normal; font-stretch: normal; font-size: 7pt; line-height: normal; font-family: 'Times New Roman';\">\u00a0 \u00a0 \u00a0\u00a0<\/span><\/span><span lang=\"FR\"><span lang=\"FR\">C<\/span>hirurgie de l\u2019ob\u00e9sit\u00e9 <\/span><\/li><li class=\"MsoListParagraphCxSpMiddle\" style=\"text-indent: -18.0pt; mso-list: l0 level1 lfo1;\"><span lang=\"FR\"><span style=\"font-variant-numeric: normal; font-variant-east-asian: normal; font-variant-alternates: normal; font-kerning: auto; font-optical-sizing: auto; font-feature-settings: normal; font-variation-settings: normal; font-variant-position: normal; font-stretch: normal; font-size: 7pt; line-height: normal; font-family: 'Times New Roman';\">\u00a0 \u00a0 \u00a0 <\/span><\/span><!--[endif]--><span lang=\"FR\">Rajeunissement de visage, du regard , du cou et du sourire <\/span><\/li><li class=\"MsoListParagraphCxSpMiddle\" style=\"text-indent: -18.0pt; mso-list: l0 level1 lfo1;\"><span lang=\"FR\"><span style=\"font-variant-numeric: normal; font-variant-east-asian: normal; font-variant-alternates: normal; font-kerning: auto; font-optical-sizing: auto; font-feature-settings: normal; font-variation-settings: normal; font-variant-position: normal; font-stretch: normal; font-size: 7pt; line-height: normal; font-family: 'Times New Roman';\">\u00a0 \u00a0 \u00a0 \u00a0<\/span><\/span><!--[endif]--><span lang=\"FR\">Correction et rajeunissement de nez <\/span><\/li><li class=\"MsoListParagraphCxSpMiddle\" style=\"text-indent: -18.0pt; mso-list: l0 level1 lfo1;\"><span lang=\"FR\"><span style=\"font-variant-numeric: normal; font-variant-east-asian: normal; font-variant-alternates: normal; font-kerning: auto; font-optical-sizing: auto; font-feature-settings: normal; font-variation-settings: normal; font-variant-position: normal; font-stretch: normal; font-size: 7pt; line-height: normal; font-family: 'Times New Roman';\">\u00a0 \u00a0 \u00a0 \u00a0 <\/span><\/span><!--[endif]--><span lang=\"FR\">Chirurgie de la m\u00e2choire <\/span><\/li><li class=\"MsoListParagraphCxSpMiddle\" style=\"text-indent: -18.0pt; mso-list: l0 level1 lfo1;\"><span lang=\"FR\"><span style=\"font-variant-numeric: normal; font-variant-east-asian: normal; font-variant-alternates: normal; font-kerning: auto; font-optical-sizing: auto; font-feature-settings: normal; font-variation-settings: normal; font-variant-position: normal; font-stretch: normal; font-size: 7pt; line-height: normal; font-family: 'Times New Roman';\">\u00a0 \u00a0 \u00a0 \u00a0 <\/span><\/span><!--[endif]--><span lang=\"FR\">Remodelage de silhouette <\/span><\/li><li class=\"MsoListParagraphCxSpMiddle\" style=\"text-indent: -18.0pt; mso-list: l0 level1 lfo1;\"><span lang=\"FR\"><span style=\"font-variant-numeric: normal; font-variant-east-asian: normal; font-variant-alternates: normal; font-kerning: auto; font-optical-sizing: auto; font-feature-settings: normal; font-variation-settings: normal; font-variant-position: normal; font-stretch: normal; font-size: 7pt; line-height: normal; font-family: 'Times New Roman';\">\u00a0 \u00a0 \u00a0 \u00a0<\/span><\/span><!--[endif]--><span lang=\"FR\">Augmentation ou r\u00e9duction mammaire <\/span><\/li><li class=\"MsoListParagraphCxSpMiddle\" style=\"text-indent: -18.0pt; mso-list: l0 level1 lfo1;\"><span lang=\"FR\"><span style=\"font-variant-numeric: normal; font-variant-east-asian: normal; font-variant-alternates: normal; font-kerning: auto; font-optical-sizing: auto; font-feature-settings: normal; font-variation-settings: normal; font-variant-position: normal; font-stretch: normal; font-size: 7pt; line-height: normal; font-family: 'Times New Roman';\">\u00a0 \u00a0 \u00a0 \u00a0<\/span><\/span><!--[endif]--><span lang=\"FR\">Chirurgie capillaire, chirurgie dentaire <\/span><\/li><li class=\"MsoListParagraphCxSpMiddle\" style=\"text-indent: -18.0pt; mso-list: l0 level1 lfo1;\"><span lang=\"FR\"><span style=\"font-variant-numeric: normal; font-variant-east-asian: normal; font-variant-alternates: normal; font-kerning: auto; font-optical-sizing: auto; font-feature-settings: normal; font-variation-settings: normal; font-variant-position: normal; font-stretch: normal; font-size: 7pt; line-height: normal; font-family: 'Times New Roman';\">\u00a0 \u00a0 \u00a0 \u00a0<\/span><\/span><!--[endif]--><span lang=\"FR\">Mise en forme du patient <\/span><\/li><li class=\"MsoListParagraphCxSpMiddle\" style=\"text-indent: -18.0pt; mso-list: l0 level1 lfo1;\"><span lang=\"FR\"><span style=\"font-variant-numeric: normal; font-variant-east-asian: normal; font-variant-alternates: normal; font-kerning: auto; font-optical-sizing: auto; font-feature-settings: normal; font-variation-settings: normal; font-variant-position: normal; font-stretch: normal; font-size: 7pt; line-height: normal; font-family: 'Times New Roman';\">\u00a0 \u00a0 \u00a0 \u00a0<\/span><\/span><!--[endif]--><span lang=\"FR\">Chirurgie esth\u00e9tique intime <\/span><\/li><li class=\"MsoListParagraphCxSpLast\" style=\"text-indent: -18.0pt; mso-list: l0 level1 lfo1;\"><span lang=\"FR\"><span style=\"font-variant-numeric: normal; font-variant-east-asian: normal; font-variant-alternates: normal; font-kerning: auto; font-optical-sizing: auto; font-feature-settings: normal; font-variation-settings: normal; font-variant-position: normal; font-stretch: normal; font-size: 7pt; line-height: normal; font-family: 'Times New Roman';\">\u00a0 \u00a0 \u00a0 \u00a0<\/span><\/span><!--[endif]--><span lang=\"FR\">Chirurgie des malformations cr\u00e2niennes \u00a0\u00a0<\/span><\/li><li>Greffe de chevaux\u00a0<\/li><\/ul>\t\t\t\t\t\t<\/div>\n\t\t\t\t<\/div>\n\t\t\t\t<div class=\"elementor-element elementor-element-dbe460d elementor-align-center elementor-widget elementor-widget-button\" data-id=\"dbe460d\" data-element_type=\"widget\" data-widget_type=\"button.default\">\n\t\t\t\t<div class=\"elementor-widget-container\">\n\t\t\t\t\t<div class=\"elementor-button-wrapper\">\n\t\t\t<a class=\"elementor-button elementor-button-link elementor-size-sm\" href=\"https:\/\/clinicestetica.com.tn\/index.php\/prochainement\/\">\n\t\t\t\t\t\t<span class=\"elementor-button-content-wrapper\">\n\t\t\t\t\t\t\t\t\t<span class=\"elementor-button-text\">Prochainement<\/span>\n\t\t\t\t\t<\/span>\n\t\t\t\t\t<\/a>\n\t\t<\/div>\n\t\t\t\t<\/div>\n\t\t\t\t<\/div>\n\t\t\t\t<\/div>\n\t\t<div class=\"elementor-element elementor-element-b6b8816 e-con-full e-flex e-con e-child\" data-id=\"b6b8816\" data-element_type=\"container\">\n\t\t\t\t<\/div>\n\t\t\t\t\t<\/div>\n\t\t\t\t<\/div>\n\t\t<div class=\"elementor-element elementor-element-6363ade e-flex e-con-boxed e-con e-parent\" data-id=\"6363ade\" data-element_type=\"container\">\n\t\t\t\t\t<div class=\"e-con-inner\">\n\t\t\t\t<div class=\"elementor-element elementor-element-1d38dee elementor-widget elementor-widget-image\" data-id=\"1d38dee\" data-element_type=\"widget\" data-widget_type=\"image.default\">\n\t\t\t\t<div class=\"elementor-widget-container\">\n\t\t\t\t\t\t\t\t\t\t\t\t\t<img decoding=\"async\" width=\"1024\" height=\"461\" src=\"https:\/\/clinicestetica.com.tn\/wp-content\/uploads\/2024\/05\/7c504528-8aa9-430d-a10e-793e2ecbfd45-1024x461.jpg\" class=\"attachment-large size-large wp-image-8\" alt=\"\" srcset=\"https:\/\/clinicestetica.com.tn\/wp-content\/uploads\/2024\/05\/7c504528-8aa9-430d-a10e-793e2ecbfd45-1024x461.jpg 1024w, https:\/\/clinicestetica.com.tn\/wp-content\/uploads\/2024\/05\/7c504528-8aa9-430d-a10e-793e2ecbfd45-300x135.jpg 300w, https:\/\/clinicestetica.com.tn\/wp-content\/uploads\/2024\/05\/7c504528-8aa9-430d-a10e-793e2ecbfd45-768x346.jpg 768w, https:\/\/clinicestetica.com.tn\/wp-content\/uploads\/2024\/05\/7c504528-8aa9-430d-a10e-793e2ecbfd45-1536x691.jpg 1536w, https:\/\/clinicestetica.com.tn\/wp-content\/uploads\/2024\/05\/7c504528-8aa9-430d-a10e-793e2ecbfd45.jpg 1600w\" sizes=\"(max-width: 1024px) 100vw, 1024px\" \/>\t\t\t\t\t\t\t\t\t\t\t\t\t<\/div>\n\t\t\t\t<\/div>\n\t\t\t\t\t<\/div>\n\t\t\t\t<\/div>\n\t\t\t\t<\/div>\n\t\t","protected":false},"excerpt":{"rendered":"<p>Laissez-vous surprendre par notre nouveau VIP concept unique en Tunisie , Bient\u00f4t notre clinique de chirurgie esth\u00e9tique ouvrira ses portes pour vous accueillir et vous offrir les meilleures prestations dans le domaine de l\u2019esth\u00e9tique dans un cadre d\u2019h\u00e9bergement Top VIP Notre priorit\u00e9 est de vous satisfaire et vous apporter le bien \u00eatre ainsi que le&#8230;<\/p>\n","protected":false},"author":1,"featured_media":85,"parent":0,"menu_order":0,"comment_status":"closed","ping_status":"closed","template":"","meta":{"footnotes":""},"class_list":["post-79","page","type-page","status-publish","has-post-thumbnail","hentry"],"_links":{"self":[{"href":"https:\/\/clinicestetica.com.tn\/index.php\/wp-json\/wp\/v2\/pages\/79","targetHints":{"allow":["GET"]}}],"collection":[{"href":"https:\/\/clinicestetica.com.tn\/index.php\/wp-json\/wp\/v2\/pages"}],"about":[{"href":"https:\/\/clinicestetica.com.tn\/index.php\/wp-json\/wp\/v2\/types\/page"}],"author":[{"embeddable":true,"href":"https:\/\/clinicestetica.com.tn\/index.php\/wp-json\/wp\/v2\/users\/1"}],"replies":[{"embeddable":true,"href":"https:\/\/clinicestetica.com.tn\/index.php\/wp-json\/wp\/v2\/comments?post=79"}],"version-history":[{"count":29,"href":"https:\/\/clinicestetica.com.tn\/index.php\/wp-json\/wp\/v2\/pages\/79\/revisions"}],"predecessor-version":[{"id":151,"href":"https:\/\/clinicestetica.com.tn\/index.php\/wp-json\/wp\/v2\/pages\/79\/revisions\/151"}],"wp:featuredmedia":[{"embeddable":true,"href":"https:\/\/clinicestetica.com.tn\/index.php\/wp-json\/wp\/v2\/media\/85"}],"wp:attachment":[{"href":"https:\/\/clinicestetica.com.tn\/index.php\/wp-json\/wp\/v2\/media?parent=79"}],"curies":[{"name":"wp","href":"https:\/\/api.w.org\/{rel}","templated":true}]}}